{"id":6192,"date":"2026-02-19T18:10:19","date_gmt":"2026-02-19T17:10:19","guid":{"rendered":"https:\/\/agromech-eu.com\/product\/handtruck-alos-iii-standaard-150-kg\/"},"modified":"2026-02-19T18:10:19","modified_gmt":"2026-02-19T17:10:19","slug":"handtruck-alos-iii-standaard-150-kg","status":"publish","type":"product","link":"https:\/\/agromech-eu.com\/nl\/product\/handtruck-alos-iii-standaard-150-kg\/","title":{"rendered":"Handtruck ALOS III &#8211; standaard 150 kg"},"content":{"rendered":"<p class=\"font-claude-response-body break-words whitespace-normal leading-[1.7]\"><strong>Compacte transportkampioen<\/strong><\/p>\n<p class=\"font-claude-response-body break-words whitespace-normal leading-[1.7]\">De ALO\u015a III is een veelzijdige handtruck met twee wielen voor het verplaatsen van pakketten, dozen, apparaten en zakken in krappe ruimtes. Dankzij de compacte afmetingen (530 \u00d7 660 \u00d7 1245 mm) kan hij gemakkelijk door smalle gangpaden, magazijnen, kantoren en werkvloeren navigeren. <\/p>\n<p class=\"font-claude-response-body break-words whitespace-normal leading-[1.7]\"><strong>Stil en duurzaam<\/strong><\/p>\n<p class=\"font-claude-response-body break-words whitespace-normal leading-[1.7]\">Het gelaste stalen frame heeft een poedercoating in RAL 5010 (blauw) voor duurzame kras- en corrosiebestendigheid. De 190 mm massief rubberen wielen zijn gemaakt van lichtgekleurd, non-marking rubber dat stil rijdt en vloeren binnenshuis beschermt. <\/p>\n<p class=\"font-claude-response-body break-words whitespace-normal leading-[1.7]\"><strong>Comfortabel in gebruik<\/strong><\/p>\n<p class=\"font-claude-response-body break-words whitespace-normal leading-[1.7]\">Met een gewicht van slechts 16 kg is de ALO\u015a III licht en wendbaar, maar toch kan hij lasten tot 150 kg met gemak aan. Ergonomische kunststof handgrepen met ge\u00efntegreerde handbeschermers verbeteren het comfort en de veiligheid tijdens het gebruik. <\/p>\n<p class=\"font-claude-response-body break-words whitespace-normal leading-[1.7]\"><strong>Koop rechtstreeks bij de fabrikant<\/strong><\/p>\n<p class=\"font-claude-response-body break-words whitespace-normal leading-[1.7]\">De ALO\u015a III wordt 100% in Polen geproduceerd &#8211; van begin tot eind. Er is volledige ondersteuning voor reserveonderdelen beschikbaar (banden, wielen, wielstellen), zodat het niet nodig is om de hele truck te vervangen als een onderdeel verslijt. <\/p>\n<p class=\"font-claude-response-body break-words whitespace-normal leading-[1.7]\"><strong>Technische specificaties &#8211; ALO\u015a III<\/strong><\/p>\n<div class=\"overflow-x-auto w-full px-2 mb-6\">\n<table class=\"min-w-full border-collapse text-sm leading-[1.7] whitespace-normal\">\n<thead class=\"text-left\">\n<tr>\n<th class=\"text-text-100 border-b-0.5 border-border-300\/60 py-2 pr-4 align-top font-bold\">Parameter<\/th>\n<th class=\"text-text-100 border-b-0.5 border-border-300\/60 py-2 pr-4 align-top font-bold\">Waarde<\/th>\n<\/tr>\n<\/thead>\n<tbody>\n<tr>\n<td class=\"border-b-0.5 border-border-300\/30 py-2 pr-4 align-top\">Model<\/td>\n<td class=\"border-b-0.5 border-border-300\/30 py-2 pr-4 align-top\">Alo\u015b III (T-132\/3)<\/td>\n<\/tr>\n<tr>\n<td class=\"border-b-0.5 border-border-300\/30 py-2 pr-4 align-top\">SKU<\/td>\n<td class=\"border-b-0.5 border-border-300\/30 py-2 pr-4 align-top\">T-132\/3<\/td>\n<\/tr>\n<tr>\n<td class=\"border-b-0.5 border-border-300\/30 py-2 pr-4 align-top\">Totale lengte<\/td>\n<td class=\"border-b-0.5 border-border-300\/30 py-2 pr-4 align-top\">530 mm<\/td>\n<\/tr>\n<tr>\n<td class=\"border-b-0.5 border-border-300\/30 py-2 pr-4 align-top\">Totale breedte<\/td>\n<td class=\"border-b-0.5 border-border-300\/30 py-2 pr-4 align-top\">660 mm<\/td>\n<\/tr>\n<tr>\n<td class=\"border-b-0.5 border-border-300\/30 py-2 pr-4 align-top\">Totale hoogte<\/td>\n<td class=\"border-b-0.5 border-border-300\/30 py-2 pr-4 align-top\">1245 mm<\/td>\n<\/tr>\n<tr>\n<td class=\"border-b-0.5 border-border-300\/30 py-2 pr-4 align-top\">Teenplaat<\/td>\n<td class=\"border-b-0.5 border-border-300\/30 py-2 pr-4 align-top\">400 \u00d7 215 mm<\/td>\n<\/tr>\n<tr>\n<td class=\"border-b-0.5 border-border-300\/30 py-2 pr-4 align-top\">Gewicht<\/td>\n<td class=\"border-b-0.5 border-border-300\/30 py-2 pr-4 align-top\">16 kg<\/td>\n<\/tr>\n<tr>\n<td class=\"border-b-0.5 border-border-300\/30 py-2 pr-4 align-top\">Laadvermogen<\/td>\n<td class=\"border-b-0.5 border-border-300\/30 py-2 pr-4 align-top\">150 kg<\/td>\n<\/tr>\n<tr>\n<td class=\"border-b-0.5 border-border-300\/30 py-2 pr-4 align-top\">Wielen<\/td>\n<td class=\"border-b-0.5 border-border-300\/30 py-2 pr-4 align-top\">Massief rubber 190 mm (190\u00d734), niet-strepend<\/td>\n<\/tr>\n<tr>\n<td class=\"border-b-0.5 border-border-300\/30 py-2 pr-4 align-top\">Afwerking<\/td>\n<td class=\"border-b-0.5 border-border-300\/30 py-2 pr-4 align-top\">Poedercoating, RAL 5010<\/td>\n<\/tr>\n<tr>\n<td class=\"border-b-0.5 border-border-300\/30 py-2 pr-4 align-top\">Garantie<\/td>\n<td class=\"border-b-0.5 border-border-300\/30 py-2 pr-4 align-top\">24 maanden<\/td>\n<\/tr>\n<tr>\n<td class=\"border-b-0.5 border-border-300\/30 py-2 pr-4 align-top\">Vervaardigd<\/td>\n<td class=\"border-b-0.5 border-border-300\/30 py-2 pr-4 align-top\">100% in Polen<\/td>\n<\/tr>\n<\/tbody>\n<\/table>\n<\/div>\n<p class=\"font-claude-response-body break-words whitespace-normal leading-[1.7]\"><strong>Toepassingen<\/strong><\/p>\n<ul class=\"[li_&amp;]:mb-0 [li_&amp;]:mt-1 [li_&amp;]:gap-1 [&amp;:not(:last-child)_ul]:pb-1 [&amp;:not(:last-child)_ol]:pb-1 list-disc flex flex-col gap-1 pl-8 mb-3\">\n<li class=\"whitespace-normal break-words pl-2\">Magazijnen, winkels en groothandelsdepots<\/li>\n<li class=\"whitespace-normal break-words pl-2\">Kantoren en koeriersbedrijven<\/li>\n<li class=\"whitespace-normal break-words pl-2\">Transport van huishoudelijke apparaten en dozen<\/li>\n<li class=\"whitespace-normal break-words pl-2\">Omgevingen waar een stille werking en vloerbescherming belangrijk zijn<\/li>\n<\/ul>\n<p class=\"font-claude-response-body break-words whitespace-normal leading-[1.7]\"><strong>Belangrijkste voordelen<\/strong><\/p>\n<ul class=\"[li_&amp;]:mb-0 [li_&amp;]:mt-1 [li_&amp;]:gap-1 [&amp;:not(:last-child)_ul]:pb-1 [&amp;:not(:last-child)_ol]:pb-1 list-disc flex flex-col gap-1 pl-8 mb-3\">\n<li class=\"whitespace-normal break-words pl-2\">Lichtgewicht van slechts 16 kg met een laadvermogen van 150 kg<\/li>\n<li class=\"whitespace-normal break-words pl-2\">190 mm massief rubberen wielen &#8211; stil, lekvrij, streeploos<\/li>\n<li class=\"whitespace-normal break-words pl-2\">Gelaste stalen constructie met poedercoating<\/li>\n<li class=\"whitespace-normal break-words pl-2\">Ergonomische kunststof handgrepen met handbeschermers<\/li>\n<li class=\"whitespace-normal break-words pl-2\">100% Poolse productie met volledige beschikbaarheid van reserveonderdelen<\/li>\n<\/ul>\n<p class=\"font-claude-response-body break-words whitespace-normal leading-[1.7]\"><strong>FAQ<\/strong><\/p>\n<p class=\"font-claude-response-body break-words whitespace-normal leading-[1.7]\"><em>Wat is het verschil tussen dit model en de gaasversie?<\/em>  De gaasversie heeft een rugpaneel van staaldraad dat kleinere of losse items vastzet tijdens transport. Het standaardmodel heeft een open frame zonder zijpanelen. <\/p>\n<p class=\"font-claude-response-body break-words whitespace-normal leading-[1.7]\"><em>Kan deze truck huishoudelijke apparaten aan?<\/em>  Ja &#8211; als de lading correct wordt uitgebalanceerd, kunnen apparaten die aan de afmetingen van de kantplaat voldoen, veilig worden vervoerd binnen de capaciteit van 150 kg.<\/p>\n<p class=\"font-claude-response-body break-words whitespace-normal leading-[1.7]\"><em>Is dit een goede keuze voor kantoorgebruik?<\/em>  Ja &#8211; het compacte ontwerp en de stille massief rubberen wielen maken hem zeer geschikt voor kantoor- en archiefomgevingen.<\/p>\n","protected":false},"excerpt":{"rendered":"<ul>\n<li class=\"whitespace-normal break-words pl-2\">150 kg laadvermogen, compacte afmetingen (530 \u00d7 660 \u00d7 1245 mm)<\/li>\n<li class=\"whitespace-normal break-words pl-2\">190 mm massief rubberen wielen &#8211; stil, non-marking lichtgekleurd rubber<\/li>\n<li class=\"whitespace-normal break-words pl-2\">Teenplaat 400 \u00d7 215 mm<\/li>\n<li class=\"whitespace-normal break-words pl-2\">Ergonomische kunststof handgrepen met handbeschermers<\/li>\n<li class=\"whitespace-normal break-words pl-2\">Gelaste stalen constructie, poedercoating (RAL 5010)<\/li>\n<li class=\"whitespace-normal break-words pl-2\">100% zelf geproduceerd in Polen, 24 maanden garantie<\/li>\n<\/ul>\n","protected":false},"featured_media":5658,"comment_status":"closed","ping_status":"closed","template":"","meta":{"_uag_custom_page_level_css":"","site-sidebar-layout":"default","site-content-layout":"","ast-site-content-layout":"default","site-content-style":"default","site-sidebar-style":"default","ast-global-header-display":"","ast-banner-title-visibility":"","ast-main-header-display":"","ast-hfb-above-header-display":"","ast-hfb-below-header-display":"","ast-hfb-mobile-header-display":"","site-post-title":"","ast-breadcrumbs-content":"","ast-featured-img":"","footer-sml-layout":"","ast-disable-related-posts":"","theme-transparent-header-meta":"default","adv-header-id-meta":"","stick-header-meta":"","header-above-stick-meta":"","header-main-stick-meta":"","header-below-stick-meta":"","astra-migrate-meta-layouts":"default","ast-page-background-enabled":"default","ast-page-background-meta":{"desktop":{"background-color":"","background-image":"","background-repeat":"repeat","background-position":"center center","background-size":"auto","background-attachment":"scroll","background-type":"","background-media":"","overlay-type":"","overlay-color":"","overlay-opacity":"","overlay-gradient":""},"tablet":{"background-color":"","background-image":"","background-repeat":"repeat","background-position":"center center","background-size":"auto","background-attachment":"scroll","background-type":"","background-media":"","overlay-type":"","overlay-color":"","overlay-opacity":"","overlay-gradient":""},"mobile":{"background-color":"","background-image":"","background-repeat":"repeat","background-position":"center center","background-size":"auto","background-attachment":"scroll","background-type":"","background-media":"","overlay-type":"","overlay-color":"","overlay-opacity":"","overlay-gradient":""}},"ast-content-background-meta":{"desktop":{"background-color":"var(--ast-global-color-5)","background-image":"","background-repeat":"repeat","background-position":"center center","background-size":"auto","background-attachment":"scroll","background-type":"","background-media":"","overlay-type":"","overlay-color":"","overlay-opacity":"","overlay-gradient":""},"tablet":{"background-color":"var(--ast-global-color-5)","background-image":"","background-repeat":"repeat","background-position":"center center","background-size":"auto","background-attachment":"scroll","background-type":"","background-media":"","overlay-type":"","overlay-color":"","overlay-opacity":"","overlay-gradient":""},"mobile":{"background-color":"var(--ast-global-color-5)","background-image":"","background-repeat":"repeat","background-position":"center center","background-size":"auto","background-attachment":"scroll","background-type":"","background-media":"","overlay-type":"","overlay-color":"","overlay-opacity":"","overlay-gradient":""}}},"product_brand":[],"product_cat":[92],"product_tag":[],"class_list":{"0":"post-6192","1":"product","2":"type-product","3":"status-publish","4":"has-post-thumbnail","6":"product_cat-handvrachtwagens","7":"product_shipping_class-11-wozki-do-20-kg","8":"desktop-align-center","9":"tablet-align-center","10":"mobile-align-center","12":"first","13":"instock","14":"taxable","15":"shipping-taxable","16":"purchasable","17":"product-type-simple"},"uagb_featured_image_src":{"full":["https:\/\/agromech-eu.com\/wp-content\/uploads\/2026\/02\/Alos-III.jpg",1056,2068,false],"thumbnail":["https:\/\/agromech-eu.com\/wp-content\/uploads\/2026\/02\/Alos-III-150x150.jpg",150,150,true],"medium":["https:\/\/agromech-eu.com\/wp-content\/uploads\/2026\/02\/Alos-III-153x300.jpg",153,300,true],"medium_large":["https:\/\/agromech-eu.com\/wp-content\/uploads\/2026\/02\/Alos-III-768x1504.jpg",768,1504,true],"large":["https:\/\/agromech-eu.com\/wp-content\/uploads\/2026\/02\/Alos-III-523x1024.jpg",523,1024,true],"1536x1536":["https:\/\/agromech-eu.com\/wp-content\/uploads\/2026\/02\/Alos-III-784x1536.jpg",784,1536,true],"2048x2048":["https:\/\/agromech-eu.com\/wp-content\/uploads\/2026\/02\/Alos-III-1046x2048.jpg",1046,2048,true],"woocommerce_thumbnail":["https:\/\/agromech-eu.com\/wp-content\/uploads\/2026\/02\/Alos-III-300x588.jpg",300,588,true],"woocommerce_single":["https:\/\/agromech-eu.com\/wp-content\/uploads\/2026\/02\/Alos-III-600x1175.jpg",600,1175,true],"woocommerce_gallery_thumbnail":["https:\/\/agromech-eu.com\/wp-content\/uploads\/2026\/02\/Alos-III-100x100.jpg",100,100,true]},"uagb_author_info":{"display_name":"Ordon","author_link":"https:\/\/agromech-eu.com\/nl\/author\/"},"uagb_comment_info":0,"uagb_excerpt":"150 kg laadvermogen, compacte afmetingen (530 \u00d7 660 \u00d7 1245 mm) 190 mm massief rubberen wielen - stil, non-marking lichtgekleurd rubber Teenplaat 400 \u00d7 215 mm Ergonomische kunststof handgrepen met handbeschermers Gelaste stalen constructie, poedercoating (RAL 5010) 100% zelf geproduceerd in Polen, 24 maanden garantie","_links":{"self":[{"href":"https:\/\/agromech-eu.com\/nl\/wp-json\/wp\/v2\/product\/6192","targetHints":{"allow":["GET"]}}],"collection":[{"href":"https:\/\/agromech-eu.com\/nl\/wp-json\/wp\/v2\/product"}],"about":[{"href":"https:\/\/agromech-eu.com\/nl\/wp-json\/wp\/v2\/types\/product"}],"replies":[{"embeddable":true,"href":"https:\/\/agromech-eu.com\/nl\/wp-json\/wp\/v2\/comments?post=6192"}],"wp:featuredmedia":[{"embeddable":true,"href":"https:\/\/agromech-eu.com\/nl\/wp-json\/wp\/v2\/media\/5658"}],"wp:attachment":[{"href":"https:\/\/agromech-eu.com\/nl\/wp-json\/wp\/v2\/media?parent=6192"}],"wp:term":[{"taxonomy":"product_brand","embeddable":true,"href":"https:\/\/agromech-eu.com\/nl\/wp-json\/wp\/v2\/product_brand?post=6192"},{"taxonomy":"product_cat","embeddable":true,"href":"https:\/\/agromech-eu.com\/nl\/wp-json\/wp\/v2\/product_cat?post=6192"},{"taxonomy":"product_tag","embeddable":true,"href":"https:\/\/agromech-eu.com\/nl\/wp-json\/wp\/v2\/product_tag?post=6192"}],"curies":[{"name":"wp","href":"https:\/\/api.w.org\/{rel}","templated":true}]}}